{"id":11,"date":"2015-02-18T20:19:57","date_gmt":"2015-02-18T20:19:57","guid":{"rendered":"http:\/\/test.naturheilpraxis-wannweil.de\/?page_id=11"},"modified":"2015-03-02T22:23:26","modified_gmt":"2015-03-02T22:23:26","slug":"das-innere-laecheln","status":"publish","type":"page","link":"https:\/\/naturheilpraxis-wannweil.de\/?page_id=11","title":{"rendered":"Das Innere L\u00e4cheln"},"content":{"rendered":"<p>Das Innere L\u00e4cheln ist eine wundervolle und sehr leichte Entspannungs\u00fcbung,<br \/>\num Kontakt mit unseren inneren Organen aufzunehmen und Freundschaft mit ihnen zu schlie\u00dfen.<br \/>\nWir schulen eine differenzierte Wahrnehmung des eigenen K\u00f6rpers,<br \/>\nmit seiner gesamten Anatomie und den dazugeh\u00f6rigen Gef\u00fchlen.<br \/>\nDer Energiefluss in den Organen wird harmonisiert und unser positives Lebensgef\u00fchl wird gest\u00e4rkt.<br \/>\nMit dieser \u00dcbung \u00f6ffnet sich eine kraftvolle Quelle innerer Heilung und seelischer Ausgeglichenheit.<\/p>\n","protected":false},"excerpt":{"rendered":"<p>Das Innere L\u00e4cheln ist eine wundervolle und sehr leichte Entspannungs\u00fcbung, um Kontakt mit unseren inneren Organen aufzunehmen und Freundschaft mit ihnen zu schlie\u00dfen. Wir schulen eine differenzierte Wahrnehmung des eigenen K\u00f6rpers, mit seiner gesamten Anatomie und den dazugeh\u00f6rigen Gef\u00fchlen. Der Energiefluss in den Organen wird harmonisiert und unser positives Lebensgef\u00fchl wird gest\u00e4rkt. Mit dieser \u00dcbung [&hellip;]<\/p>\n","protected":false},"author":1,"featured_media":0,"parent":8,"menu_order":2,"comment_status":"closed","ping_status":"closed","template":"","meta":{"footnotes":""},"class_list":["post-11","page","type-page","status-publish","hentry"],"_links":{"self":[{"href":"https:\/\/naturheilpraxis-wannweil.de\/index.php?rest_route=\/wp\/v2\/pages\/11","targetHints":{"allow":["GET"]}}],"collection":[{"href":"https:\/\/naturheilpraxis-wannweil.de\/index.php?rest_route=\/wp\/v2\/pages"}],"about":[{"href":"https:\/\/naturheilpraxis-wannweil.de\/index.php?rest_route=\/wp\/v2\/types\/page"}],"author":[{"embeddable":true,"href":"https:\/\/naturheilpraxis-wannweil.de\/index.php?rest_route=\/wp\/v2\/users\/1"}],"replies":[{"embeddable":true,"href":"https:\/\/naturheilpraxis-wannweil.de\/index.php?rest_route=%2Fwp%2Fv2%2Fcomments&post=11"}],"version-history":[{"count":3,"href":"https:\/\/naturheilpraxis-wannweil.de\/index.php?rest_route=\/wp\/v2\/pages\/11\/revisions"}],"predecessor-version":[{"id":117,"href":"https:\/\/naturheilpraxis-wannweil.de\/index.php?rest_route=\/wp\/v2\/pages\/11\/revisions\/117"}],"up":[{"embeddable":true,"href":"https:\/\/naturheilpraxis-wannweil.de\/index.php?rest_route=\/wp\/v2\/pages\/8"}],"wp:attachment":[{"href":"https:\/\/naturheilpraxis-wannweil.de\/index.php?rest_route=%2Fwp%2Fv2%2Fmedia&parent=11"}],"curies":[{"name":"wp","href":"https:\/\/api.w.org\/{rel}","templated":true}]}}