{"id":134,"date":"2015-03-04T18:54:35","date_gmt":"2015-03-04T18:54:35","guid":{"rendered":"http:\/\/naturheilpraxis-wannweil.de\/?page_id=134"},"modified":"2015-03-04T19:11:23","modified_gmt":"2015-03-04T19:11:23","slug":"traditionelle-chinesische-medizin","status":"publish","type":"page","link":"https:\/\/naturheilpraxis-wannweil.de\/?page_id=134","title":{"rendered":"Traditionelle Chinesische Medizin"},"content":{"rendered":"<p align=\"LEFT\">Traditionelle Chinesische Medizin (TCM) ist eine \u00fcber 6000 Jahre altchinesiche Heillehre, die heute in China an eigenen Universit\u00e4ten gelehrt wird.<br \/>\nIn der TCM wird gro\u00dfen Wert auf den Erhalt der Gesundheit und die Fr\u00fcherkennung von St\u00f6rungen gerichtet.<br \/>\nDie gesunden Lebensf\u00fchrung und die St\u00e4rkung der Selbstheilungskr\u00e4fte des Einzelnen hat entscheidende Bedeutung.<br \/>\nIm Gegensatz zur westlichen Welt, die den Ursprung von Krankheiten in einer Fehlfunktion von physikalisch-chemischen oder biologischen\u00a0 Mechanismen sieht, versteht die Traditionelle Chinesische Medizin den Menschen als eine k\u00f6rperlich-seelische Einheit, als einen Gesamtorganismus, der st\u00e4ndig im Austausch und Fluss ist. Krankheit ist ihr zu Folge eine St\u00f6rung im Energiefluss.<br \/>\nDie Energie, auch als \u201eQI\u201c bezeichnet, durchdringt den K\u00f6rper in einem System von Leitbahnen, den Meridianen, die mit den inneren Organsystemen in Verbindung stehen.<br \/>\nAus chinesischer Sicht beginnen Krankheiten schon lange bevor sie schulmedizinisch feststellbar oder messbar sind.<br \/>\nDie TCM kennt verschiedene M\u00f6glichkeiten, um Einfluss auf den Energiefluss und den Gesundheitszustand des Menschen nehmen zu k\u00f6nnen, wie z.B. Akupunktur, Moxatherapie, Schr\u00f6pfen u.a.<\/p>\n<p>\u00a0<b><\/b><\/p>\n<p align=\"LEFT\"><strong>Akupunkur<img loading=\"lazy\" decoding=\"async\" class=\" wp-image-103 alignright\" src=\"https:\/\/naturheilpraxis-wannweil.de\/wp-content\/uploads\/2015\/03\/aku_sw_nadel_hand_002-285x300.jpg\" alt=\"aku_sw_nadel_hand_002\" width=\"180\" height=\"190\" srcset=\"https:\/\/naturheilpraxis-wannweil.de\/wp-content\/uploads\/2015\/03\/aku_sw_nadel_hand_002-285x300.jpg 285w, https:\/\/naturheilpraxis-wannweil.de\/wp-content\/uploads\/2015\/03\/aku_sw_nadel_hand_002.jpg 502w\" sizes=\"auto, (max-width: 180px) 100vw, 180px\" \/><\/strong><\/p>\n<p align=\"LEFT\">Yin und Yang sind gegenpolige Energiestr\u00f6me, deren Summe danach das Leben schlechthin ergibt.<br \/>\nNur wenn diese Energien in einem harmonischen Miteinander gleichm\u00e4\u00dfig den K\u00f6rper durchstr\u00f6men,<br \/>\nnur dann befindet sich der Mensch im Zustand der Gesundheit.<br \/>\nSo wie das Blut in den daf\u00fcr vorgesehenen Adern den K\u00f6rper durchstr\u00f6mt, so flie\u00dfen die Yin- und Yang-Energien ebenfalls in f\u00fcr sie geeignete Bahnen, den sogenannten Meridianen. Auf diesen Meridianen finden wir die meisten der uns bisher bekannten Akupunktur-Punkte vor.<br \/>\nDie Akupunktur ist ein klassisches Naturheilverfahren, in der das Reizen von K\u00f6rperpunkten und die Beeinflussung von \u201eQI\u201c mit Hilfe von Nadeln im Mittelpunkt steht.<br \/>\nDurch Druck oder Stich an ausgew\u00e4hlten Stellen des K\u00f6rpers kann ein Beschwerdebild<br \/>\nund auch Schmerzzust\u00e4nde g\u00fcnstig beeinflusst werden.<\/p>\n<p align=\"LEFT\"><strong><br \/>\nMoxibustion<img loading=\"lazy\" decoding=\"async\" class=\"alignright wp-image-106\" src=\"https:\/\/naturheilpraxis-wannweil.de\/wp-content\/uploads\/2015\/03\/SL370378-Kopie-300x225.jpg\" alt=\"SL370378 - Kopie\" width=\"180\" height=\"135\" srcset=\"https:\/\/naturheilpraxis-wannweil.de\/wp-content\/uploads\/2015\/03\/SL370378-Kopie-300x225.jpg 300w, https:\/\/naturheilpraxis-wannweil.de\/wp-content\/uploads\/2015\/03\/SL370378-Kopie.jpg 1024w\" sizes=\"auto, (max-width: 180px) 100vw, 180px\" \/><\/strong><\/p>\n<p align=\"LEFT\">Moxibustion (nach dem japanischen Wort \u201emogusa\u201c) ist das Stimulieren eines Akupunkturpunktes durch Erw\u00e4rmung mit Moxakraut. Als Moxakraut wird getrockneter Beifuss verwendet, der, wenn er glimmt, eine milde, angenehme W\u00e4rme ausstrahlt. Moxibustion st\u00e4rkt das Yang.<br \/>\nEs vertreibt K\u00e4lte und l\u00f6st Feuchtigkeit aus den Meridianen.<br \/>\nEs hilft auch, stagnierendes \u201eQI\u201c wieder in Bewegung zu bringen.<br \/>\nNach westl. Vorstellung verbessert Moxibustion vor allem die Gewebedurchblutung und hat eine beruhigende Wirkung.<\/p>\n<p align=\"LEFT\"><strong><br \/>\nSchr\u00f6pfen<img loading=\"lazy\" decoding=\"async\" class=\"alignright wp-image-104\" src=\"https:\/\/naturheilpraxis-wannweil.de\/wp-content\/uploads\/2015\/03\/2000_1003_220649AA-Kopie-246x300.jpg\" alt=\"2000_1003_220649AA - Kopie\" width=\"180\" height=\"220\" srcset=\"https:\/\/naturheilpraxis-wannweil.de\/wp-content\/uploads\/2015\/03\/2000_1003_220649AA-Kopie-246x300.jpg 246w, https:\/\/naturheilpraxis-wannweil.de\/wp-content\/uploads\/2015\/03\/2000_1003_220649AA-Kopie.jpg 559w\" sizes=\"auto, (max-width: 180px) 100vw, 180px\" \/><\/strong><\/p>\n<p align=\"LEFT\">Schr\u00f6pfen ist ein altes chinesisches Heilverfahren. Kleine Schr\u00f6pfgl\u00e4ser werden auf Akupunkturpunkte gesetzt.<br \/>\nIn den Gl\u00e4sern wird ein Unterdruck hergestellt, so dass sich das Glas auf der Haut festsaugt, wo man es w\u00e4hrend mehrerer Minuten haften l\u00e4sst.<br \/>\nDurch den Unterdruck im Glas werde die Haut und das darunterliegende Gewebe in das Glas gesaugt, was die Durchblutung erh\u00f6ht und damit auf den Kreislauf von Blut und der Lebensenergie \u201eQI\u201c einwirkt.<\/p>\n<p>&nbsp;<\/p>\n","protected":false},"excerpt":{"rendered":"<p>Traditionelle Chinesische Medizin (TCM) ist eine \u00fcber 6000 Jahre altchinesiche Heillehre, die heute in China an eigenen Universit\u00e4ten gelehrt wird. In der TCM wird gro\u00dfen Wert auf den Erhalt der Gesundheit und die Fr\u00fcherkennung von St\u00f6rungen gerichtet. Die gesunden Lebensf\u00fchrung und die St\u00e4rkung der Selbstheilungskr\u00e4fte des Einzelnen hat entscheidende Bedeutung. Im Gegensatz zur westlichen Welt, [&hellip;]<\/p>\n","protected":false},"author":1,"featured_media":0,"parent":48,"menu_order":2,"comment_status":"closed","ping_status":"closed","template":"","meta":{"footnotes":""},"class_list":["post-134","page","type-page","status-publish","hentry"],"_links":{"self":[{"href":"https:\/\/naturheilpraxis-wannweil.de\/index.php?rest_route=\/wp\/v2\/pages\/134","targetHints":{"allow":["GET"]}}],"collection":[{"href":"https:\/\/naturheilpraxis-wannweil.de\/index.php?rest_route=\/wp\/v2\/pages"}],"about":[{"href":"https:\/\/naturheilpraxis-wannweil.de\/index.php?rest_route=\/wp\/v2\/types\/page"}],"author":[{"embeddable":true,"href":"https:\/\/naturheilpraxis-wannweil.de\/index.php?rest_route=\/wp\/v2\/users\/1"}],"replies":[{"embeddable":true,"href":"https:\/\/naturheilpraxis-wannweil.de\/index.php?rest_route=%2Fwp%2Fv2%2Fcomments&post=134"}],"version-history":[{"count":9,"href":"https:\/\/naturheilpraxis-wannweil.de\/index.php?rest_route=\/wp\/v2\/pages\/134\/revisions"}],"predecessor-version":[{"id":151,"href":"https:\/\/naturheilpraxis-wannweil.de\/index.php?rest_route=\/wp\/v2\/pages\/134\/revisions\/151"}],"up":[{"embeddable":true,"href":"https:\/\/naturheilpraxis-wannweil.de\/index.php?rest_route=\/wp\/v2\/pages\/48"}],"wp:attachment":[{"href":"https:\/\/naturheilpraxis-wannweil.de\/index.php?rest_route=%2Fwp%2Fv2%2Fmedia&parent=134"}],"curies":[{"name":"wp","href":"https:\/\/api.w.org\/{rel}","templated":true}]}}