{"id":145,"date":"2015-03-04T19:07:27","date_gmt":"2015-03-04T19:07:27","guid":{"rendered":"http:\/\/naturheilpraxis-wannweil.de\/?page_id=145"},"modified":"2015-03-04T19:10:05","modified_gmt":"2015-03-04T19:10:05","slug":"chi-nei-tsang-chinesische-bauchmassage","status":"publish","type":"page","link":"https:\/\/naturheilpraxis-wannweil.de\/?page_id=145","title":{"rendered":"Chi Nei Tsang (Chinesische Bauchmassage)"},"content":{"rendered":"<p><img loading=\"lazy\" decoding=\"async\" class=\"alignright size-medium wp-image-105\" src=\"https:\/\/naturheilpraxis-wannweil.de\/wp-content\/uploads\/2015\/03\/IMGP0785-Kopie-225x300.jpg\" alt=\"IMGP0785 - Kopie\" width=\"225\" height=\"300\" srcset=\"https:\/\/naturheilpraxis-wannweil.de\/wp-content\/uploads\/2015\/03\/IMGP0785-Kopie-225x300.jpg 225w, https:\/\/naturheilpraxis-wannweil.de\/wp-content\/uploads\/2015\/03\/IMGP0785-Kopie.jpg 768w\" sizes=\"auto, (max-width: 225px) 100vw, 225px\" \/>&#8230;. ist eine Massagetechnik der inneren Organe des Bauchraumes, die auf dem Heilwissen der Traditionellen Chinesischen Medizin basiert. Sie wurde von dem bekannten taoistischen Meister Mantak Chia entwickelt.<br \/>\nNegative Emotionen wie Angst (geh\u00f6rt zum Funktionskreis Niere), \u00c4rger und Wut (Leber), Trauer und Depression (Lunge), Sorgen und Gr\u00fcbeln (Milz, Magen, Bauchspeicheldr\u00fcse), Hass und Ungeduld (Herz) verursachen Energieblockaden in den inneren Organen, die zu Knoten und Verschlingungen im Bauchbereich f\u00fchren.<br \/>\nAber auch \u00dcberanstrengung oder Stress, Unf\u00e4lle, Operationen, Medikamente und falsche Ern\u00e4hrung k\u00f6nnen Probleme im Bauchbereich verursachen. Diese Blockaden treten im Zentrum unseres K\u00f6rpers auf \u2013 dort, wo unsere lebenswichtigen Funktionen ablaufen \u2013 und behindern den Energiefluss.<br \/>\nDie Chi Nei Tsang Massage arbeitet daran, diese Verspannungen und Verknotungen im Bauchraum zu l\u00f6sen. Durch sanfte und pr\u00e4zise Griffe wird der K\u00f6rper von krankmachenden Giften, negativen Emotionen, \u00fcberm\u00e4\u00dfiger Hitze oder K\u00e4lte befreit.<br \/>\nDer Energiefluss, somit,\u00a0 wieder angeregt, die Organe stimuliert und der K\u00f6rper entgiftet.<br \/>\nDer Nutzen zeigt sich in der Aufl\u00f6sung von Darmblockaden, Kr\u00e4mpfen, Knoten, Kopfschmerzen,\u00a0 Menstruationskr\u00e4mpfen, R\u00fcckenschmerzen, Unfruchtbarkeit, Impotenz, Durchblutungsst\u00f6rungen und vielen anderen Beschwerden.<br \/>\nDiese sehr wirkungsvolle taoistische Organ-und Bauchmassage f\u00f6rdert unser Wohlbefinden. Wenn unsere K\u00f6rpermitte im Gleichgewicht ist, trifft das auch auf unsere Gesundheit zu.<br \/>\nDa der Bauch eine Region ist, die jeder selbst massieren kann, ist Chi Nei Tsang ein gro\u00dfartiges Selbstheilungsverfahren. Hat man einmal die heilenden Energien in sich erweckt kann man alleine zu Hause weiterarbeiten.<\/p>\n<p>&nbsp;<\/p>\n","protected":false},"excerpt":{"rendered":"<p>&#8230;. ist eine Massagetechnik der inneren Organe des Bauchraumes, die auf dem Heilwissen der Traditionellen Chinesischen Medizin basiert. Sie wurde von dem bekannten taoistischen Meister Mantak Chia entwickelt. Negative Emotionen wie Angst (geh\u00f6rt zum Funktionskreis Niere), \u00c4rger und Wut (Leber), Trauer und Depression (Lunge), Sorgen und Gr\u00fcbeln (Milz, Magen, Bauchspeicheldr\u00fcse), Hass und Ungeduld (Herz) verursachen [&hellip;]<\/p>\n","protected":false},"author":1,"featured_media":0,"parent":48,"menu_order":4,"comment_status":"closed","ping_status":"closed","template":"","meta":{"footnotes":""},"class_list":["post-145","page","type-page","status-publish","hentry"],"_links":{"self":[{"href":"https:\/\/naturheilpraxis-wannweil.de\/index.php?rest_route=\/wp\/v2\/pages\/145","targetHints":{"allow":["GET"]}}],"collection":[{"href":"https:\/\/naturheilpraxis-wannweil.de\/index.php?rest_route=\/wp\/v2\/pages"}],"about":[{"href":"https:\/\/naturheilpraxis-wannweil.de\/index.php?rest_route=\/wp\/v2\/types\/page"}],"author":[{"embeddable":true,"href":"https:\/\/naturheilpraxis-wannweil.de\/index.php?rest_route=\/wp\/v2\/users\/1"}],"replies":[{"embeddable":true,"href":"https:\/\/naturheilpraxis-wannweil.de\/index.php?rest_route=%2Fwp%2Fv2%2Fcomments&post=145"}],"version-history":[{"count":2,"href":"https:\/\/naturheilpraxis-wannweil.de\/index.php?rest_route=\/wp\/v2\/pages\/145\/revisions"}],"predecessor-version":[{"id":149,"href":"https:\/\/naturheilpraxis-wannweil.de\/index.php?rest_route=\/wp\/v2\/pages\/145\/revisions\/149"}],"up":[{"embeddable":true,"href":"https:\/\/naturheilpraxis-wannweil.de\/index.php?rest_route=\/wp\/v2\/pages\/48"}],"wp:attachment":[{"href":"https:\/\/naturheilpraxis-wannweil.de\/index.php?rest_route=%2Fwp%2Fv2%2Fmedia&parent=145"}],"curies":[{"name":"wp","href":"https:\/\/api.w.org\/{rel}","templated":true}]}}