{"id":15,"date":"2015-02-18T20:21:01","date_gmt":"2015-02-18T20:21:01","guid":{"rendered":"http:\/\/test.naturheilpraxis-wannweil.de\/?page_id=15"},"modified":"2015-03-02T22:24:22","modified_gmt":"2015-03-02T22:24:22","slug":"der-energiekreislauf","status":"publish","type":"page","link":"https:\/\/naturheilpraxis-wannweil.de\/?page_id=15","title":{"rendered":"Der Energiekreislauf"},"content":{"rendered":"<p>Einfaches QiGong und der Kleine Energiekreislauf bilden die Grundlagen f\u00fcr das System der taoistischen \u00dcbungen und Meditationen.<br \/>\nWir f\u00fchren die Lebenskraft Qi (Chi) entlang der beiden Hauptmeridiane des K\u00f6rpers.<br \/>\nDurch das \u00d6ffnen dieser Bahnen und einer verbesserten K\u00f6rperhaltung wird der gesamte K\u00f6rper mit mehr Energie versorgt.<br \/>\nWir werden widerstandsf\u00e4higer, ges\u00fcnder, weniger stressanf\u00e4llig und damit rundum ausgeglichener.<br \/>\nDie Struktur\u00fcbungen aus dem Eisenhemd QiGong unterst\u00fctzen das Knochenger\u00fcst und die Wirbels\u00e4ule in Verbindung mit bewusster Atmung.<\/p>\n","protected":false},"excerpt":{"rendered":"<p>Einfaches QiGong und der Kleine Energiekreislauf bilden die Grundlagen f\u00fcr das System der taoistischen \u00dcbungen und Meditationen. Wir f\u00fchren die Lebenskraft Qi (Chi) entlang der beiden Hauptmeridiane des K\u00f6rpers. Durch das \u00d6ffnen dieser Bahnen und einer verbesserten K\u00f6rperhaltung wird der gesamte K\u00f6rper mit mehr Energie versorgt. Wir werden widerstandsf\u00e4higer, ges\u00fcnder, weniger stressanf\u00e4llig und damit rundum [&hellip;]<\/p>\n","protected":false},"author":1,"featured_media":0,"parent":8,"menu_order":3,"comment_status":"closed","ping_status":"closed","template":"","meta":{"footnotes":""},"class_list":["post-15","page","type-page","status-publish","hentry"],"_links":{"self":[{"href":"https:\/\/naturheilpraxis-wannweil.de\/index.php?rest_route=\/wp\/v2\/pages\/15","targetHints":{"allow":["GET"]}}],"collection":[{"href":"https:\/\/naturheilpraxis-wannweil.de\/index.php?rest_route=\/wp\/v2\/pages"}],"about":[{"href":"https:\/\/naturheilpraxis-wannweil.de\/index.php?rest_route=\/wp\/v2\/types\/page"}],"author":[{"embeddable":true,"href":"https:\/\/naturheilpraxis-wannweil.de\/index.php?rest_route=\/wp\/v2\/users\/1"}],"replies":[{"embeddable":true,"href":"https:\/\/naturheilpraxis-wannweil.de\/index.php?rest_route=%2Fwp%2Fv2%2Fcomments&post=15"}],"version-history":[{"count":2,"href":"https:\/\/naturheilpraxis-wannweil.de\/index.php?rest_route=\/wp\/v2\/pages\/15\/revisions"}],"predecessor-version":[{"id":118,"href":"https:\/\/naturheilpraxis-wannweil.de\/index.php?rest_route=\/wp\/v2\/pages\/15\/revisions\/118"}],"up":[{"embeddable":true,"href":"https:\/\/naturheilpraxis-wannweil.de\/index.php?rest_route=\/wp\/v2\/pages\/8"}],"wp:attachment":[{"href":"https:\/\/naturheilpraxis-wannweil.de\/index.php?rest_route=%2Fwp%2Fv2%2Fmedia&parent=15"}],"curies":[{"name":"wp","href":"https:\/\/api.w.org\/{rel}","templated":true}]}}