{"id":41,"date":"2015-02-18T20:55:11","date_gmt":"2015-02-18T20:55:11","guid":{"rendered":"http:\/\/test.naturheilpraxis-wannweil.de\/?page_id=41"},"modified":"2025-11-01T17:34:17","modified_gmt":"2025-11-01T17:34:17","slug":"ueber-mich","status":"publish","type":"page","link":"https:\/\/naturheilpraxis-wannweil.de\/?page_id=41","title":{"rendered":"\u00dcber Mich"},"content":{"rendered":"<p>Geboren 1964 in Schwenningen a.N.<\/p>\n<p>Schon als Kind wurde ich hom\u00f6opathisch von meinen Eltern behandelt und erfuhr in jungen Jahren die hervorragenden Erfolge der Naturheilkunde.<\/p>\n<p>Doch zuerst absolvierte ich 1982 bis 1985 eine Krankenschwesterausbildung und arbeitete anschlie\u00dfend als examinierte Krankenschwester .<br \/>\nDieser Beruf machte mir gro\u00dfe Freude.<\/p>\n<p>Mit den Geburten meiner Kinder wurde der Wunsch nach naturheilkundlichen Behandlungsm\u00f6glichkeiten immer intensiver.<br \/>\nDeshalb legte ich im M\u00e4rz 1993 erfolgreich die Heilpraktikerpr\u00fcfung ab.<\/p>\n<p>Seit M\u00e4rz 1996 arbeite ich in meiner eigenen Praxis.<\/p>\n<p>Meine Schwerpunkte sind:<\/p>\n<p>Klassische Hom\u00f6opathie<\/p>\n<p>Chin. Medizin (Pekingaufenthalt Sept.1998), Akupunktur , Schr\u00f6pfen, Moxatherapie<\/p>\n<p>Chi Nei Tsang (chin. Bauchmassage)<\/p>\n<p>Heilenergiemassage (Chakrenmassage)<\/p>\n<p>Irisdiagnose<\/p>\n<p>u.a. Bachbl\u00fctentherapie, Sch\u00fcssler Salze, Eigenbluttherapie nach Dr. Imh\u00e4user, Farbpunktur nach Peter Mandel.<\/p>\n<p>Seit November 2014 Tao Yoga und Qigong\u00a0Lehrerin.<\/p>\n","protected":false},"excerpt":{"rendered":"<p>Geboren 1964 in Schwenningen a.N. Schon als Kind wurde ich hom\u00f6opathisch von meinen Eltern behandelt und erfuhr in jungen Jahren die hervorragenden Erfolge der Naturheilkunde. Doch zuerst absolvierte ich 1982 bis 1985 eine Krankenschwesterausbildung und arbeitete anschlie\u00dfend als examinierte Krankenschwester . Dieser Beruf machte mir gro\u00dfe Freude. Mit den Geburten meiner Kinder wurde der Wunsch [&hellip;]<\/p>\n","protected":false},"author":1,"featured_media":0,"parent":0,"menu_order":0,"comment_status":"closed","ping_status":"closed","template":"","meta":{"footnotes":""},"class_list":["post-41","page","type-page","status-publish","hentry"],"_links":{"self":[{"href":"https:\/\/naturheilpraxis-wannweil.de\/index.php?rest_route=\/wp\/v2\/pages\/41","targetHints":{"allow":["GET"]}}],"collection":[{"href":"https:\/\/naturheilpraxis-wannweil.de\/index.php?rest_route=\/wp\/v2\/pages"}],"about":[{"href":"https:\/\/naturheilpraxis-wannweil.de\/index.php?rest_route=\/wp\/v2\/types\/page"}],"author":[{"embeddable":true,"href":"https:\/\/naturheilpraxis-wannweil.de\/index.php?rest_route=\/wp\/v2\/users\/1"}],"replies":[{"embeddable":true,"href":"https:\/\/naturheilpraxis-wannweil.de\/index.php?rest_route=%2Fwp%2Fv2%2Fcomments&post=41"}],"version-history":[{"count":3,"href":"https:\/\/naturheilpraxis-wannweil.de\/index.php?rest_route=\/wp\/v2\/pages\/41\/revisions"}],"predecessor-version":[{"id":180,"href":"https:\/\/naturheilpraxis-wannweil.de\/index.php?rest_route=\/wp\/v2\/pages\/41\/revisions\/180"}],"wp:attachment":[{"href":"https:\/\/naturheilpraxis-wannweil.de\/index.php?rest_route=%2Fwp%2Fv2%2Fmedia&parent=41"}],"curies":[{"name":"wp","href":"https:\/\/api.w.org\/{rel}","templated":true}]}}