{"id":44,"date":"2015-02-18T20:55:49","date_gmt":"2015-02-18T20:55:49","guid":{"rendered":"http:\/\/test.naturheilpraxis-wannweil.de\/?page_id=44"},"modified":"2025-11-01T17:35:06","modified_gmt":"2025-11-01T17:35:06","slug":"schwerpunkte","status":"publish","type":"page","link":"https:\/\/naturheilpraxis-wannweil.de\/?page_id=44","title":{"rendered":"Schwerpunkte"},"content":{"rendered":"<p>Gesundheit und Medizin ist ein sehr komplexes Thema.<br \/>\nSo habe ich mich auf ganz bestimmte Gebiete spezialisiert, damit ich Sie stets kompetent und auf dem neuesten Stand der Wissenschaft behandeln kann.<br \/>\nRegelm\u00e4\u00dfige Weiterbildungen auf diesen Gebieten sind selbstverst\u00e4ndlicher Bestandteil meines hohen professionellen Anspruchs.<\/p>\n<p><strong>Meine Schwerpunkte<\/strong><\/p>\n<ul>\n<li><a href=\"?page_id=127\">Klassische Hom\u00f6opathie<\/a><\/li>\n<li><a href=\"?page_id=134\">Traditionelle Chinesische Medizin (TCM, Akupunktur, Moxa-Therapie)<\/a><\/li>\n<li><a href=\"?page_id=145\">Chi Nei Tsang (Chinesische Bauchmassage)<\/a><\/li>\n<li><a href=\"?page_id=69\">Energetische Heilmassage<\/a><\/li>\n<li>Irisdiagnose<\/li>\n<li><a href=\"https:\/\/naturheilpraxis-wannweil.de\/wp-content\/uploads\/2015\/03\/Flyer_Tao-Yoga-2015.pdf\" target=\"_blank\" rel=\"noopener\">Tao Yoga<\/a><\/li>\n<\/ul>\n","protected":false},"excerpt":{"rendered":"<p>Gesundheit und Medizin ist ein sehr komplexes Thema. So habe ich mich auf ganz bestimmte Gebiete spezialisiert, damit ich Sie stets kompetent und auf dem neuesten Stand der Wissenschaft behandeln kann. Regelm\u00e4\u00dfige Weiterbildungen auf diesen Gebieten sind selbstverst\u00e4ndlicher Bestandteil meines hohen professionellen Anspruchs. Meine Schwerpunkte Klassische Hom\u00f6opathie Traditionelle Chinesische Medizin (TCM, Akupunktur, Moxa-Therapie) Chi Nei [&hellip;]<\/p>\n","protected":false},"author":1,"featured_media":0,"parent":0,"menu_order":0,"comment_status":"closed","ping_status":"closed","template":"","meta":{"footnotes":""},"class_list":["post-44","page","type-page","status-publish","hentry"],"_links":{"self":[{"href":"https:\/\/naturheilpraxis-wannweil.de\/index.php?rest_route=\/wp\/v2\/pages\/44","targetHints":{"allow":["GET"]}}],"collection":[{"href":"https:\/\/naturheilpraxis-wannweil.de\/index.php?rest_route=\/wp\/v2\/pages"}],"about":[{"href":"https:\/\/naturheilpraxis-wannweil.de\/index.php?rest_route=\/wp\/v2\/types\/page"}],"author":[{"embeddable":true,"href":"https:\/\/naturheilpraxis-wannweil.de\/index.php?rest_route=\/wp\/v2\/users\/1"}],"replies":[{"embeddable":true,"href":"https:\/\/naturheilpraxis-wannweil.de\/index.php?rest_route=%2Fwp%2Fv2%2Fcomments&post=44"}],"version-history":[{"count":14,"href":"https:\/\/naturheilpraxis-wannweil.de\/index.php?rest_route=\/wp\/v2\/pages\/44\/revisions"}],"predecessor-version":[{"id":181,"href":"https:\/\/naturheilpraxis-wannweil.de\/index.php?rest_route=\/wp\/v2\/pages\/44\/revisions\/181"}],"wp:attachment":[{"href":"https:\/\/naturheilpraxis-wannweil.de\/index.php?rest_route=%2Fwp%2Fv2%2Fmedia&parent=44"}],"curies":[{"name":"wp","href":"https:\/\/api.w.org\/{rel}","templated":true}]}}