{"id":69,"date":"2015-03-02T20:47:41","date_gmt":"2015-03-02T20:47:41","guid":{"rendered":"http:\/\/test.naturheilpraxis-wannweil.de\/?page_id=69"},"modified":"2015-03-04T19:19:22","modified_gmt":"2015-03-04T19:19:22","slug":"heilenergiemassage","status":"publish","type":"page","link":"https:\/\/naturheilpraxis-wannweil.de\/?page_id=69","title":{"rendered":"Heilenergiemassage"},"content":{"rendered":"<p><a href=\"https:\/\/naturheilpraxis-wannweil.de\/wp-content\/uploads\/2015\/03\/cropped-Meer_Fels_orig_klein1.jpg\"><img loading=\"lazy\" decoding=\"async\" class=\"alignright size-medium wp-image-61\" src=\"https:\/\/naturheilpraxis-wannweil.de\/wp-content\/uploads\/2015\/03\/cropped-Meer_Fels_orig_klein1-300x214.jpg\" alt=\"cropped-Meer_Fels_orig_klein1.jpg\" width=\"300\" height=\"214\" srcset=\"https:\/\/naturheilpraxis-wannweil.de\/wp-content\/uploads\/2015\/03\/cropped-Meer_Fels_orig_klein1-300x214.jpg 300w, https:\/\/naturheilpraxis-wannweil.de\/wp-content\/uploads\/2015\/03\/cropped-Meer_Fels_orig_klein1-1024x729.jpg 1024w, https:\/\/naturheilpraxis-wannweil.de\/wp-content\/uploads\/2015\/03\/cropped-Meer_Fels_orig_klein1.jpg 1200w\" sizes=\"auto, (max-width: 300px) 100vw, 300px\" \/><\/a>Im \u201eLebensfluss\u201c zu sein bedeutet: k\u00f6rperliche, geistige sowie seelische Gesundheit.<\/p>\n<p>Alle Arten von Schmerzen, Stress oder seelische Belastungen wirken verh\u00e4rtend auf den K\u00f6rper.<\/p>\n<p>Der Energiefluss in den Chakren (Kraftzentrum des Lebens) ist blockiert.<\/p>\n<p>Dadurch kommt es zu einer energetischen Unterversorgung der zugeordneten Organe.<\/p>\n<p>Herz, Magen, Leber, Niere, Milz etc.<\/p>\n<p>Die Heilenergiemassage richtet sich haupts\u00e4chlich auf den ausgeglichenen Energiefluss des Menschen.<\/p>\n<p>Ziel dieser Therapie ist es, die Aufl\u00f6sung von Blockaden und Anregung des Energieflusses in den Chakren.<\/p>\n<p><span style=\"text-decoration: underline;\">Chakren Tabelle<\/span><\/p>\n<ul>\n<li><strong>Wurzelchakra<\/strong>\u00a0 ZNS, Wirbels\u00e4ule, Genitalien<\/li>\n<\/ul>\n<ul>\n<li><strong>Sakralchakra <\/strong>Bluthochdruck, Fortpflanzungsorgane, Verdauungsorgane<\/li>\n<\/ul>\n<ul>\n<li><strong>Solar- Plexuschakra <\/strong>Verdauung, regeneratives Nervensystem<\/li>\n<\/ul>\n<ul>\n<li><strong>Herzchakra <\/strong>Herz, Kreislauf, Lymphsystem<\/li>\n<\/ul>\n<ul>\n<li><strong>Kehlkopfchakra <\/strong>Schilddr\u00fcse, Stimmb\u00e4nder, Atemorgane<\/li>\n<\/ul>\n<ul>\n<li><strong>Stirnchakra <\/strong>Hormondr\u00fcsen, Nase, Augen, Ohren<\/li>\n<\/ul>\n<ul>\n<li><strong>Kronenchakra<\/strong> Sch\u00e4del und Gro\u00dfhirn<\/li>\n<\/ul>\n<p><strong>Desto mehr Energie (Lebenskraft) im Menschen flie\u00dft, desto ges\u00fcnder und gl\u00fccklicher ist er.<\/strong><\/p>\n","protected":false},"excerpt":{"rendered":"<p>Im \u201eLebensfluss\u201c zu sein bedeutet: k\u00f6rperliche, geistige sowie seelische Gesundheit. Alle Arten von Schmerzen, Stress oder seelische Belastungen wirken verh\u00e4rtend auf den K\u00f6rper. Der Energiefluss in den Chakren (Kraftzentrum des Lebens) ist blockiert. Dadurch kommt es zu einer energetischen Unterversorgung der zugeordneten Organe. Herz, Magen, Leber, Niere, Milz etc. Die Heilenergiemassage richtet sich haupts\u00e4chlich auf [&hellip;]<\/p>\n","protected":false},"author":1,"featured_media":0,"parent":48,"menu_order":2,"comment_status":"closed","ping_status":"closed","template":"","meta":{"footnotes":""},"class_list":["post-69","page","type-page","status-publish","hentry"],"_links":{"self":[{"href":"https:\/\/naturheilpraxis-wannweil.de\/index.php?rest_route=\/wp\/v2\/pages\/69","targetHints":{"allow":["GET"]}}],"collection":[{"href":"https:\/\/naturheilpraxis-wannweil.de\/index.php?rest_route=\/wp\/v2\/pages"}],"about":[{"href":"https:\/\/naturheilpraxis-wannweil.de\/index.php?rest_route=\/wp\/v2\/types\/page"}],"author":[{"embeddable":true,"href":"https:\/\/naturheilpraxis-wannweil.de\/index.php?rest_route=\/wp\/v2\/users\/1"}],"replies":[{"embeddable":true,"href":"https:\/\/naturheilpraxis-wannweil.de\/index.php?rest_route=%2Fwp%2Fv2%2Fcomments&post=69"}],"version-history":[{"count":4,"href":"https:\/\/naturheilpraxis-wannweil.de\/index.php?rest_route=\/wp\/v2\/pages\/69\/revisions"}],"predecessor-version":[{"id":154,"href":"https:\/\/naturheilpraxis-wannweil.de\/index.php?rest_route=\/wp\/v2\/pages\/69\/revisions\/154"}],"up":[{"embeddable":true,"href":"https:\/\/naturheilpraxis-wannweil.de\/index.php?rest_route=\/wp\/v2\/pages\/48"}],"wp:attachment":[{"href":"https:\/\/naturheilpraxis-wannweil.de\/index.php?rest_route=%2Fwp%2Fv2%2Fmedia&parent=69"}],"curies":[{"name":"wp","href":"https:\/\/api.w.org\/{rel}","templated":true}]}}