{"id":86,"date":"2015-03-02T21:25:28","date_gmt":"2015-03-02T21:25:28","guid":{"rendered":"http:\/\/test.naturheilpraxis-wannweil.de\/?page_id=86"},"modified":"2015-03-02T22:27:06","modified_gmt":"2015-03-02T22:27:06","slug":"kosten","status":"publish","type":"page","link":"https:\/\/naturheilpraxis-wannweil.de\/?page_id=86","title":{"rendered":"Kosten"},"content":{"rendered":"<p>Die naturheilkundliche Behandlung wird nur von Privatkassen oder<br \/>\nvon Zusatzversicherungen f\u00fcr Heilpraktiker erstattet, wenn der Vertrag eine Behandlung<br \/>\ndurch den\/die Heilpraktiker\/in abdeckt.<br \/>\nMeine Rechnung erstelle ich nach der Geb\u00fchrenverordnung f\u00fcr Heilpraktikerin (Geb\u00fcH).<br \/>\nDie Privatkassen und Zusatzversicherungen \u00fcbernehmen in der Regel die Kosten.<br \/>\nAnsonsten stelle ich die Behandlungskosten privat in Rechnung.<\/p>\n","protected":false},"excerpt":{"rendered":"<p>Die naturheilkundliche Behandlung wird nur von Privatkassen oder von Zusatzversicherungen f\u00fcr Heilpraktiker erstattet, wenn der Vertrag eine Behandlung durch den\/die Heilpraktiker\/in abdeckt. Meine Rechnung erstelle ich nach der Geb\u00fchrenverordnung f\u00fcr Heilpraktikerin (Geb\u00fcH). Die Privatkassen und Zusatzversicherungen \u00fcbernehmen in der Regel die Kosten. Ansonsten stelle ich die Behandlungskosten privat in Rechnung.<\/p>\n","protected":false},"author":1,"featured_media":0,"parent":48,"menu_order":3,"comment_status":"closed","ping_status":"closed","template":"","meta":{"footnotes":""},"class_list":["post-86","page","type-page","status-publish","hentry"],"_links":{"self":[{"href":"https:\/\/naturheilpraxis-wannweil.de\/index.php?rest_route=\/wp\/v2\/pages\/86","targetHints":{"allow":["GET"]}}],"collection":[{"href":"https:\/\/naturheilpraxis-wannweil.de\/index.php?rest_route=\/wp\/v2\/pages"}],"about":[{"href":"https:\/\/naturheilpraxis-wannweil.de\/index.php?rest_route=\/wp\/v2\/types\/page"}],"author":[{"embeddable":true,"href":"https:\/\/naturheilpraxis-wannweil.de\/index.php?rest_route=\/wp\/v2\/users\/1"}],"replies":[{"embeddable":true,"href":"https:\/\/naturheilpraxis-wannweil.de\/index.php?rest_route=%2Fwp%2Fv2%2Fcomments&post=86"}],"version-history":[{"count":2,"href":"https:\/\/naturheilpraxis-wannweil.de\/index.php?rest_route=\/wp\/v2\/pages\/86\/revisions"}],"predecessor-version":[{"id":120,"href":"https:\/\/naturheilpraxis-wannweil.de\/index.php?rest_route=\/wp\/v2\/pages\/86\/revisions\/120"}],"up":[{"embeddable":true,"href":"https:\/\/naturheilpraxis-wannweil.de\/index.php?rest_route=\/wp\/v2\/pages\/48"}],"wp:attachment":[{"href":"https:\/\/naturheilpraxis-wannweil.de\/index.php?rest_route=%2Fwp%2Fv2%2Fmedia&parent=86"}],"curies":[{"name":"wp","href":"https:\/\/api.w.org\/{rel}","templated":true}]}}